{"id":10,"date":"2026-03-27T10:38:14","date_gmt":"2026-03-27T10:38:14","guid":{"rendered":"https:\/\/buseslarrea.rkinformatika.online\/?page_id=10"},"modified":"2026-04-20T08:21:01","modified_gmt":"2026-04-20T08:21:01","slug":"inicio","status":"publish","type":"page","link":"https:\/\/buseslarrea.es\/eu\/","title":{"rendered":"Hasiera"},"content":{"rendered":"<div data-elementor-type=\"wp-page\" data-elementor-id=\"10\" class=\"elementor elementor-10\" data-elementor-post-type=\"page\">\n\t\t\t\t<div class=\"elementor-element elementor-element-cc3d7fe e-con-full e-flex e-con e-parent\" data-id=\"cc3d7fe\" data-element_type=\"container\" data-e-type=\"container\" data-settings=\"{&quot;background_background&quot;:&quot;classic&quot;}\">\n\t\t\t\t<div class=\"elementor-element elementor-element-7a0c0b7 elementor-widget elementor-widget-heading\" data-id=\"7a0c0b7\" data-element_type=\"widget\" data-e-type=\"widget\" data-widget_type=\"heading.default\">\n\t\t\t\t\t<h2 class=\"elementor-heading-title elementor-size-default\">LARREA<\/h2>\t\t\t\t<\/div>\n\t\t\t\t<\/div>\n\t\t<div class=\"elementor-element elementor-element-7c4f671 e-flex e-con-boxed e-con e-parent\" data-id=\"7c4f671\" data-element_type=\"container\" data-e-type=\"container\">\n\t\t\t\t\t<div class=\"e-con-inner\">\n\t\t<div class=\"elementor-element elementor-element-f1d3d86 e-flex e-con-boxed e-con e-child\" data-id=\"f1d3d86\" data-element_type=\"container\" data-e-type=\"container\">\n\t\t\t\t\t<div class=\"e-con-inner\">\n\t\t\t\t<div class=\"elementor-element elementor-element-a494095 elementor-widget elementor-widget-image\" data-id=\"a494095\" data-element_type=\"widget\" data-e-type=\"widget\" data-widget_type=\"image.default\">\n\t\t\t\t\t\t\t\t\t\t\t\t\t\t\t<img fetchpriority=\"high\" decoding=\"async\" width=\"1536\" height=\"2048\" src=\"https:\/\/buseslarrea.es\/wp-content\/uploads\/2026\/04\/WhatsApp-Image-2026-04-16-at-11.52.09.jpeg\" class=\"attachment-2048x2048 size-2048x2048 wp-image-338\" alt=\"\" srcset=\"https:\/\/buseslarrea.es\/wp-content\/uploads\/2026\/04\/WhatsApp-Image-2026-04-16-at-11.52.09.jpeg 1536w, https:\/\/buseslarrea.es\/wp-content\/uploads\/2026\/04\/WhatsApp-Image-2026-04-16-at-11.52.09-225x300.jpeg 225w, https:\/\/buseslarrea.es\/wp-content\/uploads\/2026\/04\/WhatsApp-Image-2026-04-16-at-11.52.09-768x1024.jpeg 768w, https:\/\/buseslarrea.es\/wp-content\/uploads\/2026\/04\/WhatsApp-Image-2026-04-16-at-11.52.09-1152x1536.jpeg 1152w, https:\/\/buseslarrea.es\/wp-content\/uploads\/2026\/04\/WhatsApp-Image-2026-04-16-at-11.52.09-9x12.jpeg 9w\" sizes=\"(max-width: 1536px) 100vw, 1536px\" \/>\t\t\t\t\t\t\t\t\t\t\t\t\t\t\t<\/div>\n\t\t\t\t\t<\/div>\n\t\t\t\t<\/div>\n\t\t<div class=\"elementor-element elementor-element-158952c e-flex e-con-boxed e-con e-child\" data-id=\"158952c\" data-element_type=\"container\" data-e-type=\"container\">\n\t\t\t\t\t<div class=\"e-con-inner\">\n\t\t\t\t<div class=\"elementor-element elementor-element-c5a40a8 elementor-widget elementor-widget-heading\" data-id=\"c5a40a8\" data-element_type=\"widget\" data-e-type=\"widget\" data-widget_type=\"heading.default\">\n\t\t\t\t\t<h2 class=\"elementor-heading-title elementor-size-default\">Gure historia<\/h2>\t\t\t\t<\/div>\n\t\t\t\t<div class=\"elementor-element elementor-element-7a9cdc3 elementor-widget elementor-widget-text-editor\" data-id=\"7a9cdc3\" data-element_type=\"widget\" data-e-type=\"widget\" data-widget_type=\"text-editor.default\">\n\t\t\t\t\t\t\t\t\t<p>1995ean Zornotzan sortu ginenetik, Arratia Bidaiak-en milaka kilometro egin ditugu helmugak eta pertsonak batzen, segurtasunaren aldeko konpromiso hautsiezinarekin. Bidaiarien garraioaren sektorean hiru hamarkada baino gehiagoko esperientziarekin, eskola-garraioan erreferente gisa finkatu gara, baliotsuena zainduz, eta zerbitzu diskrezionalean, talde bakoitzaren beharretara egokituz. Gure historia da gure bermerik onena: hiru hamarkadako puntualtasuna, profesionaltasuna eta gure ibilbideak sakon ezagutzea, gaur egun garraio zerbitzu hurbila, modernoa eta, batez ere, konfiantzazkoa eskaintzeko.<\/p>\t\t\t\t\t\t\t\t<\/div>\n\t\t\t\t\t<\/div>\n\t\t\t\t<\/div>\n\t\t\t\t\t<\/div>\n\t\t\t\t<\/div>\n\t\t<div class=\"elementor-element elementor-element-29b9b36 e-flex e-con-boxed e-con e-parent\" data-id=\"29b9b36\" data-element_type=\"container\" data-e-type=\"container\">\n\t\t\t\t\t<div class=\"e-con-inner\">\n\t\t<div class=\"elementor-element elementor-element-4a4695b e-flex e-con-boxed e-con e-child\" data-id=\"4a4695b\" data-element_type=\"container\" data-e-type=\"container\">\n\t\t\t\t\t<div class=\"e-con-inner\">\n\t\t\t\t<div class=\"elementor-element elementor-element-0583427 elementor-widget elementor-widget-heading\" data-id=\"0583427\" data-element_type=\"widget\" data-e-type=\"widget\" data-widget_type=\"heading.default\">\n\t\t\t\t\t<h2 class=\"elementor-heading-title elementor-size-default\">Zer eskaintzen dugu?<\/h2>\t\t\t\t<\/div>\n\t\t\t\t<div class=\"elementor-element elementor-element-ba1c01a elementor-widget elementor-widget-text-editor\" data-id=\"ba1c01a\" data-element_type=\"widget\" data-e-type=\"widget\" data-widget_type=\"text-editor.default\">\n\t\t\t\t\t\t\t\t\t<p>Arratia Bidaiaken neurrirako mugikortasun soluzioak eskaintzen ditugu flota moderno eta moldakor batekin. Eskola-garraio seguruan eta ekitaldietarako, enpresetarako eta turismorako zerbitzu diskrezionaletan espezializatuta, edozein bidaiari kopurutara egokitzen gara. Zornotzako lekualdaketetatik hasi eta distantzia luzeko ibilbideetaraino, puntualtasuna, erosotasuna eta errepidean 30 urtetik gorako esperientzia bermatzen ditugu.<\/p>\t\t\t\t\t\t\t\t<\/div>\n\t\t\t\t\t<\/div>\n\t\t\t\t<\/div>\n\t\t<div class=\"elementor-element elementor-element-82452a3 e-flex e-con-boxed e-con e-child\" data-id=\"82452a3\" data-element_type=\"container\" data-e-type=\"container\" data-settings=\"{&quot;background_background&quot;:&quot;classic&quot;}\">\n\t\t\t\t\t<div class=\"e-con-inner\">\n\t\t\t\t<div class=\"elementor-element elementor-element-1659d32 elementor-widget elementor-widget-image\" data-id=\"1659d32\" data-element_type=\"widget\" data-e-type=\"widget\" data-widget_type=\"image.default\">\n\t\t\t\t\t\t\t\t\t\t\t\t\t\t\t<img decoding=\"async\" width=\"960\" height=\"1080\" src=\"https:\/\/buseslarrea.es\/wp-content\/uploads\/2026\/04\/WhatsApp-Image-2026-04-16-at-11.52.40-e1776341694570.jpeg\" class=\"attachment-2048x2048 size-2048x2048 wp-image-339\" alt=\"\" srcset=\"https:\/\/buseslarrea.es\/wp-content\/uploads\/2026\/04\/WhatsApp-Image-2026-04-16-at-11.52.40-e1776341694570.jpeg 960w, https:\/\/buseslarrea.es\/wp-content\/uploads\/2026\/04\/WhatsApp-Image-2026-04-16-at-11.52.40-e1776341694570-267x300.jpeg 267w, https:\/\/buseslarrea.es\/wp-content\/uploads\/2026\/04\/WhatsApp-Image-2026-04-16-at-11.52.40-e1776341694570-910x1024.jpeg 910w, https:\/\/buseslarrea.es\/wp-content\/uploads\/2026\/04\/WhatsApp-Image-2026-04-16-at-11.52.40-e1776341694570-768x864.jpeg 768w, https:\/\/buseslarrea.es\/wp-content\/uploads\/2026\/04\/WhatsApp-Image-2026-04-16-at-11.52.40-e1776341694570-11x12.jpeg 11w\" sizes=\"(max-width: 960px) 100vw, 960px\" \/>\t\t\t\t\t\t\t\t\t\t\t\t\t\t\t<\/div>\n\t\t\t\t\t<\/div>\n\t\t\t\t<\/div>\n\t\t\t\t\t<\/div>\n\t\t\t\t<\/div>\n\t\t<div class=\"elementor-element elementor-element-32bb25c e-flex e-con-boxed e-con e-parent\" data-id=\"32bb25c\" data-element_type=\"container\" data-e-type=\"container\">\n\t\t\t\t\t<div class=\"e-con-inner\">\n\t\t\t\t<div class=\"elementor-element elementor-element-f4d8b69 elementor-widget elementor-widget-heading\" data-id=\"f4d8b69\" data-element_type=\"widget\" data-e-type=\"widget\" data-widget_type=\"heading.default\">\n\t\t\t\t\t<h2 class=\"elementor-heading-title elementor-size-default\">Gure zerbitzuak ikusi nahi dituzu?<\/h2>\t\t\t\t<\/div>\n\t\t\t\t<div class=\"elementor-element elementor-element-0687bfe elementor-widget elementor-widget-button\" data-id=\"0687bfe\" data-element_type=\"widget\" data-e-type=\"widget\" data-widget_type=\"button.default\">\n\t\t\t\t\t\t\t\t\t\t<a class=\"elementor-button elementor-button-link elementor-size-sm\" href=\"https:\/\/buseslarrea.es\/eu\/servicio\/\">\n\t\t\t\t\t\t<span class=\"elementor-button-content-wrapper\">\n\t\t\t\t\t\t\t\t\t<span class=\"elementor-button-text\">Egin klik hemen<\/span>\n\t\t\t\t\t<\/span>\n\t\t\t\t\t<\/a>\n\t\t\t\t\t\t\t\t<\/div>\n\t\t\t\t\t<\/div>\n\t\t\t\t<\/div>\n\t\t\t\t<\/div>","protected":false},"excerpt":{"rendered":"<p>LARREA Nuestra Historia Desde nuestra fundaci\u00f3n en 1995 en Amorebieta, en Arratia Bidaiak hemos recorrido miles de kil\u00f3metros uniendo destinos y personas con un compromiso inquebrantable por la seguridad. Con m\u00e1s de tres d\u00e9cadas de experiencia en el sector del transporte de viajeros, nos hemos consolidado como un referente en el transporte escolar, cuidando de [&hellip;]<\/p>\n","protected":false},"author":1,"featured_media":0,"parent":0,"menu_order":0,"comment_status":"closed","ping_status":"closed","template":"elementor_canvas","meta":{"footnotes":""},"class_list":["post-10","page","type-page","status-publish","hentry"],"yoast_head":"<!-- This site is optimized with the Yoast SEO plugin v27.4 - https:\/\/yoast.com\/product\/yoast-seo-wordpress\/ -->\n<title>Inicio - Arratia Bidaiak<\/title>\n<meta name=\"robots\" content=\"index, follow, max-snippet:-1, max-image-preview:large, max-video-preview:-1\" \/>\n<link rel=\"canonical\" href=\"https:\/\/buseslarrea.es\/eu\/\" \/>\n<meta property=\"og:locale\" content=\"en_US\" \/>\n<meta property=\"og:type\" content=\"article\" \/>\n<meta property=\"og:title\" content=\"Inicio - Arratia Bidaiak\" \/>\n<meta property=\"og:description\" content=\"LARREA Nuestra Historia Desde nuestra fundaci\u00f3n en 1995 en Amorebieta, en Arratia Bidaiak hemos recorrido miles de kil\u00f3metros uniendo destinos y personas con un compromiso inquebrantable por la seguridad. Con m\u00e1s de tres d\u00e9cadas de experiencia en el sector del transporte de viajeros, nos hemos consolidado como un referente en el transporte escolar, cuidando de [&hellip;]\" \/>\n<meta property=\"og:url\" content=\"https:\/\/buseslarrea.es\/eu\/\" \/>\n<meta property=\"og:site_name\" content=\"Arratia Bidaiak\" \/>\n<meta property=\"article:modified_time\" content=\"2026-04-20T08:21:01+00:00\" \/>\n<meta property=\"og:image\" content=\"https:\/\/buseslarrea.es\/wp-content\/uploads\/2026\/04\/WhatsApp-Image-2026-04-16-at-11.52.09.jpeg\" \/>\n<meta name=\"twitter:card\" content=\"summary_large_image\" \/>\n<meta name=\"twitter:label1\" content=\"Est. reading time\" \/>\n\t<meta name=\"twitter:data1\" content=\"1 minutua\" \/>\n<script type=\"application\/ld+json\" class=\"yoast-schema-graph\">{\"@context\":\"https:\\\/\\\/schema.org\",\"@graph\":[{\"@type\":\"WebPage\",\"@id\":\"https:\\\/\\\/buseslarrea.es\\\/\",\"url\":\"https:\\\/\\\/buseslarrea.es\\\/\",\"name\":\"Inicio - Arratia Bidaiak\",\"isPartOf\":{\"@id\":\"https:\\\/\\\/buseslarrea.es\\\/#website\"},\"primaryImageOfPage\":{\"@id\":\"https:\\\/\\\/buseslarrea.es\\\/#primaryimage\"},\"image\":{\"@id\":\"https:\\\/\\\/buseslarrea.es\\\/#primaryimage\"},\"thumbnailUrl\":\"https:\\\/\\\/buseslarrea.es\\\/wp-content\\\/uploads\\\/2026\\\/04\\\/WhatsApp-Image-2026-04-16-at-11.52.09.jpeg\",\"datePublished\":\"2026-03-27T10:38:14+00:00\",\"dateModified\":\"2026-04-20T08:21:01+00:00\",\"breadcrumb\":{\"@id\":\"https:\\\/\\\/buseslarrea.es\\\/#breadcrumb\"},\"inLanguage\":\"eu\",\"potentialAction\":[{\"@type\":\"ReadAction\",\"target\":[\"https:\\\/\\\/buseslarrea.es\\\/\"]}]},{\"@type\":\"ImageObject\",\"inLanguage\":\"eu\",\"@id\":\"https:\\\/\\\/buseslarrea.es\\\/#primaryimage\",\"url\":\"https:\\\/\\\/buseslarrea.es\\\/wp-content\\\/uploads\\\/2026\\\/04\\\/WhatsApp-Image-2026-04-16-at-11.52.09.jpeg\",\"contentUrl\":\"https:\\\/\\\/buseslarrea.es\\\/wp-content\\\/uploads\\\/2026\\\/04\\\/WhatsApp-Image-2026-04-16-at-11.52.09.jpeg\"},{\"@type\":\"BreadcrumbList\",\"@id\":\"https:\\\/\\\/buseslarrea.es\\\/#breadcrumb\",\"itemListElement\":[{\"@type\":\"ListItem\",\"position\":1,\"name\":\"Portada\",\"item\":\"https:\\\/\\\/buseslarrea.es\\\/\"},{\"@type\":\"ListItem\",\"position\":2,\"name\":\"Inicio\"}]},{\"@type\":\"WebSite\",\"@id\":\"https:\\\/\\\/buseslarrea.es\\\/#website\",\"url\":\"https:\\\/\\\/buseslarrea.es\\\/\",\"name\":\"Arratia Bidaiak\",\"description\":\"Trasportes de viajeros\",\"publisher\":{\"@id\":\"https:\\\/\\\/buseslarrea.es\\\/#organization\"},\"potentialAction\":[{\"@type\":\"SearchAction\",\"target\":{\"@type\":\"EntryPoint\",\"urlTemplate\":\"https:\\\/\\\/buseslarrea.es\\\/?s={search_term_string}\"},\"query-input\":{\"@type\":\"PropertyValueSpecification\",\"valueRequired\":true,\"valueName\":\"search_term_string\"}}],\"inLanguage\":\"eu\"},{\"@type\":\"Organization\",\"@id\":\"https:\\\/\\\/buseslarrea.es\\\/#organization\",\"name\":\"Arratia Bidaiak\",\"url\":\"https:\\\/\\\/buseslarrea.es\\\/\",\"logo\":{\"@type\":\"ImageObject\",\"inLanguage\":\"eu\",\"@id\":\"https:\\\/\\\/buseslarrea.es\\\/#\\\/schema\\\/logo\\\/image\\\/\",\"url\":\"https:\\\/\\\/buseslarrea.es\\\/wp-content\\\/uploads\\\/2026\\\/03\\\/cropped-arratiabidaiaksl202603_logo_web-scaled-1.png\",\"contentUrl\":\"https:\\\/\\\/buseslarrea.es\\\/wp-content\\\/uploads\\\/2026\\\/03\\\/cropped-arratiabidaiaksl202603_logo_web-scaled-1.png\",\"width\":2559,\"height\":1216,\"caption\":\"Arratia Bidaiak\"},\"image\":{\"@id\":\"https:\\\/\\\/buseslarrea.es\\\/#\\\/schema\\\/logo\\\/image\\\/\"}}]}<\/script>\n<!-- \/ Yoast SEO plugin. -->","yoast_head_json":{"title":"Inicio - Arratia Bidaiak","robots":{"index":"index","follow":"follow","max-snippet":"max-snippet:-1","max-image-preview":"max-image-preview:large","max-video-preview":"max-video-preview:-1"},"canonical":"https:\/\/buseslarrea.es\/eu\/","og_locale":"en_US","og_type":"article","og_title":"Inicio - Arratia Bidaiak","og_description":"LARREA Nuestra Historia Desde nuestra fundaci\u00f3n en 1995 en Amorebieta, en Arratia Bidaiak hemos recorrido miles de kil\u00f3metros uniendo destinos y personas con un compromiso inquebrantable por la seguridad. Con m\u00e1s de tres d\u00e9cadas de experiencia en el sector del transporte de viajeros, nos hemos consolidado como un referente en el transporte escolar, cuidando de [&hellip;]","og_url":"https:\/\/buseslarrea.es\/eu\/","og_site_name":"Arratia Bidaiak","article_modified_time":"2026-04-20T08:21:01+00:00","og_image":[{"url":"https:\/\/buseslarrea.es\/wp-content\/uploads\/2026\/04\/WhatsApp-Image-2026-04-16-at-11.52.09.jpeg","type":"","width":"","height":""}],"twitter_card":"summary_large_image","twitter_misc":{"Est. reading time":"1 minutua"},"schema":{"@context":"https:\/\/schema.org","@graph":[{"@type":"WebPage","@id":"https:\/\/buseslarrea.es\/","url":"https:\/\/buseslarrea.es\/","name":"Inicio - Arratia Bidaiak","isPartOf":{"@id":"https:\/\/buseslarrea.es\/#website"},"primaryImageOfPage":{"@id":"https:\/\/buseslarrea.es\/#primaryimage"},"image":{"@id":"https:\/\/buseslarrea.es\/#primaryimage"},"thumbnailUrl":"https:\/\/buseslarrea.es\/wp-content\/uploads\/2026\/04\/WhatsApp-Image-2026-04-16-at-11.52.09.jpeg","datePublished":"2026-03-27T10:38:14+00:00","dateModified":"2026-04-20T08:21:01+00:00","breadcrumb":{"@id":"https:\/\/buseslarrea.es\/#breadcrumb"},"inLanguage":"eu","potentialAction":[{"@type":"ReadAction","target":["https:\/\/buseslarrea.es\/"]}]},{"@type":"ImageObject","inLanguage":"eu","@id":"https:\/\/buseslarrea.es\/#primaryimage","url":"https:\/\/buseslarrea.es\/wp-content\/uploads\/2026\/04\/WhatsApp-Image-2026-04-16-at-11.52.09.jpeg","contentUrl":"https:\/\/buseslarrea.es\/wp-content\/uploads\/2026\/04\/WhatsApp-Image-2026-04-16-at-11.52.09.jpeg"},{"@type":"BreadcrumbList","@id":"https:\/\/buseslarrea.es\/#breadcrumb","itemListElement":[{"@type":"ListItem","position":1,"name":"Portada","item":"https:\/\/buseslarrea.es\/"},{"@type":"ListItem","position":2,"name":"Inicio"}]},{"@type":"WebSite","@id":"https:\/\/buseslarrea.es\/#website","url":"https:\/\/buseslarrea.es\/","name":"Arratia Bidaiak","description":"Trasportes de viajeros","publisher":{"@id":"https:\/\/buseslarrea.es\/#organization"},"potentialAction":[{"@type":"SearchAction","target":{"@type":"EntryPoint","urlTemplate":"https:\/\/buseslarrea.es\/?s={search_term_string}"},"query-input":{"@type":"PropertyValueSpecification","valueRequired":true,"valueName":"search_term_string"}}],"inLanguage":"eu"},{"@type":"Organization","@id":"https:\/\/buseslarrea.es\/#organization","name":"Arratia Bidaiak","url":"https:\/\/buseslarrea.es\/","logo":{"@type":"ImageObject","inLanguage":"eu","@id":"https:\/\/buseslarrea.es\/#\/schema\/logo\/image\/","url":"https:\/\/buseslarrea.es\/wp-content\/uploads\/2026\/03\/cropped-arratiabidaiaksl202603_logo_web-scaled-1.png","contentUrl":"https:\/\/buseslarrea.es\/wp-content\/uploads\/2026\/03\/cropped-arratiabidaiaksl202603_logo_web-scaled-1.png","width":2559,"height":1216,"caption":"Arratia Bidaiak"},"image":{"@id":"https:\/\/buseslarrea.es\/#\/schema\/logo\/image\/"}}]}},"_links":{"self":[{"href":"https:\/\/buseslarrea.es\/eu\/wp-json\/wp\/v2\/pages\/10","targetHints":{"allow":["GET"]}}],"collection":[{"href":"https:\/\/buseslarrea.es\/eu\/wp-json\/wp\/v2\/pages"}],"about":[{"href":"https:\/\/buseslarrea.es\/eu\/wp-json\/wp\/v2\/types\/page"}],"author":[{"embeddable":true,"href":"https:\/\/buseslarrea.es\/eu\/wp-json\/wp\/v2\/users\/1"}],"replies":[{"embeddable":true,"href":"https:\/\/buseslarrea.es\/eu\/wp-json\/wp\/v2\/comments?post=10"}],"version-history":[{"count":79,"href":"https:\/\/buseslarrea.es\/eu\/wp-json\/wp\/v2\/pages\/10\/revisions"}],"predecessor-version":[{"id":369,"href":"https:\/\/buseslarrea.es\/eu\/wp-json\/wp\/v2\/pages\/10\/revisions\/369"}],"wp:attachment":[{"href":"https:\/\/buseslarrea.es\/eu\/wp-json\/wp\/v2\/media?parent=10"}],"curies":[{"name":"wp","href":"https:\/\/api.w.org\/{rel}","templated":true}]}}