{"id":17,"date":"2026-03-27T10:41:03","date_gmt":"2026-03-27T10:41:03","guid":{"rendered":"https:\/\/buseslarrea.rkinformatika.online\/?page_id=17"},"modified":"2026-04-20T08:46:45","modified_gmt":"2026-04-20T08:46:45","slug":"servicio","status":"publish","type":"page","link":"https:\/\/buseslarrea.es\/eu\/servicio\/","title":{"rendered":"Zerbitzuak"},"content":{"rendered":"<div data-elementor-type=\"wp-page\" data-elementor-id=\"17\" class=\"elementor elementor-17\" data-elementor-post-type=\"page\">\n\t\t\t\t<div class=\"elementor-element elementor-element-ac5f8e2 e-con-full e-flex e-con e-parent\" data-id=\"ac5f8e2\" data-element_type=\"container\" data-e-type=\"container\" data-settings=\"{&quot;background_background&quot;:&quot;classic&quot;}\">\n\t\t\t\t<div class=\"elementor-element elementor-element-0c13f05 elementor-widget elementor-widget-heading\" data-id=\"0c13f05\" data-element_type=\"widget\" data-e-type=\"widget\" data-widget_type=\"heading.default\">\n\t\t\t\t\t<h2 class=\"elementor-heading-title elementor-size-default\">Servicios<\/h2>\t\t\t\t<\/div>\n\t\t\t\t<\/div>\n\t\t<div class=\"elementor-element elementor-element-29596ff e-flex e-con-boxed e-con e-parent\" data-id=\"29596ff\" data-element_type=\"container\" data-e-type=\"container\">\n\t\t\t\t\t<div class=\"e-con-inner\">\n\t\t<div class=\"elementor-element elementor-element-72cd225 e-con-full e-flex e-con e-child\" data-id=\"72cd225\" data-element_type=\"container\" data-e-type=\"container\">\n\t\t\t\t<div class=\"elementor-element elementor-element-9bbaab6 elementor-widget elementor-widget-image\" data-id=\"9bbaab6\" data-element_type=\"widget\" data-e-type=\"widget\" data-widget_type=\"image.default\">\n\t\t\t\t\t\t\t\t\t\t\t\t\t\t\t<img fetchpriority=\"high\" decoding=\"async\" width=\"1600\" height=\"1200\" src=\"https:\/\/buseslarrea.es\/wp-content\/uploads\/2026\/04\/WhatsApp-Image-2026-04-18-at-16.20.15.jpeg\" class=\"attachment-2048x2048 size-2048x2048 wp-image-362\" alt=\"\" srcset=\"https:\/\/buseslarrea.es\/wp-content\/uploads\/2026\/04\/WhatsApp-Image-2026-04-18-at-16.20.15.jpeg 1600w, https:\/\/buseslarrea.es\/wp-content\/uploads\/2026\/04\/WhatsApp-Image-2026-04-18-at-16.20.15-300x225.jpeg 300w, https:\/\/buseslarrea.es\/wp-content\/uploads\/2026\/04\/WhatsApp-Image-2026-04-18-at-16.20.15-1024x768.jpeg 1024w, https:\/\/buseslarrea.es\/wp-content\/uploads\/2026\/04\/WhatsApp-Image-2026-04-18-at-16.20.15-768x576.jpeg 768w, https:\/\/buseslarrea.es\/wp-content\/uploads\/2026\/04\/WhatsApp-Image-2026-04-18-at-16.20.15-1536x1152.jpeg 1536w, https:\/\/buseslarrea.es\/wp-content\/uploads\/2026\/04\/WhatsApp-Image-2026-04-18-at-16.20.15-16x12.jpeg 16w\" sizes=\"(max-width: 1600px) 100vw, 1600px\" \/>\t\t\t\t\t\t\t\t\t\t\t\t\t\t\t<\/div>\n\t\t\t\t<\/div>\n\t\t<div class=\"elementor-element elementor-element-2a6365f e-con-full e-flex e-con e-child\" data-id=\"2a6365f\" data-element_type=\"container\" data-e-type=\"container\" data-settings=\"{&quot;background_background&quot;:&quot;classic&quot;}\">\n\t\t\t\t<div class=\"elementor-element elementor-element-00a5715 elementor-widget elementor-widget-heading\" data-id=\"00a5715\" data-element_type=\"widget\" data-e-type=\"widget\" data-widget_type=\"heading.default\">\n\t\t\t\t\t<h2 class=\"elementor-heading-title elementor-size-default\">Autocars para todos<\/h2>\t\t\t\t<\/div>\n\t\t\t\t<div class=\"elementor-element elementor-element-5c95e56 elementor-widget elementor-widget-text-editor\" data-id=\"5c95e56\" data-element_type=\"widget\" data-e-type=\"widget\" data-widget_type=\"text-editor.default\">\n\t\t\t\t\t\t\t\t\t<p>En Arratia Bidaiak, entendemos que cada grupo es \u00fanico y cada trayecto requiere una soluci\u00f3n a medida. Por ello, contamos con una flota moderna y polivalente que se adapta a todas tus necesidades: desde \u00e1giles minibuses perfectos para traslados privados o eventos exclusivos, hasta autocares de gran capacidad equipados con el m\u00e1ximo confort para viajes de largo recorrido y grupos numerosos. Sea cual sea el tama\u00f1o de tu grupo, garantizamos un transporte seguro, puntual y con la tecnolog\u00eda m\u00e1s avanzada en carretera.<\/p>\t\t\t\t\t\t\t\t<\/div>\n\t\t\t\t<\/div>\n\t\t\t\t\t<\/div>\n\t\t\t\t<\/div>\n\t\t<div class=\"elementor-element elementor-element-084a59d e-flex e-con-boxed e-con e-parent\" data-id=\"084a59d\" data-element_type=\"container\" data-e-type=\"container\">\n\t\t\t\t\t<div class=\"e-con-inner\">\n\t\t\t\t<div class=\"elementor-element elementor-element-6aa2871 elementor-widget elementor-widget-heading\" data-id=\"6aa2871\" data-element_type=\"widget\" data-e-type=\"widget\" data-widget_type=\"heading.default\">\n\t\t\t\t\t<h2 class=\"elementor-heading-title elementor-size-default\">\u00bfTienes alguna pregunta?<\/h2>\t\t\t\t<\/div>\n\t\t\t\t<div class=\"elementor-element elementor-element-0a6ca1d elementor-widget elementor-widget-button\" data-id=\"0a6ca1d\" data-element_type=\"widget\" data-e-type=\"widget\" data-widget_type=\"button.default\">\n\t\t\t\t\t\t\t\t\t\t<a class=\"elementor-button elementor-button-link elementor-size-sm\" href=\"https:\/\/buseslarrea.es\/eu\/contacto\/\">\n\t\t\t\t\t\t<span class=\"elementor-button-content-wrapper\">\n\t\t\t\t\t\t\t\t\t<span class=\"elementor-button-text\">Estamos para ti<\/span>\n\t\t\t\t\t<\/span>\n\t\t\t\t\t<\/a>\n\t\t\t\t\t\t\t\t<\/div>\n\t\t\t\t\t<\/div>\n\t\t\t\t<\/div>\n\t\t\t\t<\/div>","protected":false},"excerpt":{"rendered":"<p>Servicios Autocars para todos En Arratia Bidaiak, entendemos que cada grupo es \u00fanico y cada trayecto requiere una soluci\u00f3n a medida. Por ello, contamos con una flota moderna y polivalente que se adapta a todas tus necesidades: desde \u00e1giles minibuses perfectos para traslados privados o eventos exclusivos, hasta autocares de gran capacidad equipados con el [&hellip;]<\/p>\n","protected":false},"author":1,"featured_media":0,"parent":0,"menu_order":0,"comment_status":"closed","ping_status":"closed","template":"elementor_canvas","meta":{"footnotes":""},"class_list":["post-17","page","type-page","status-publish","hentry"],"yoast_head":"<!-- This site is optimized with the Yoast SEO plugin v27.4 - https:\/\/yoast.com\/product\/yoast-seo-wordpress\/ -->\n<title>Servicio - Arratia Bidaiak<\/title>\n<meta name=\"robots\" content=\"index, follow, max-snippet:-1, max-image-preview:large, max-video-preview:-1\" \/>\n<link rel=\"canonical\" href=\"https:\/\/buseslarrea.es\/eu\/servicio\/\" \/>\n<meta property=\"og:locale\" content=\"en_US\" \/>\n<meta property=\"og:type\" content=\"article\" \/>\n<meta property=\"og:title\" content=\"Servicio - Arratia Bidaiak\" \/>\n<meta property=\"og:description\" content=\"Servicios Autocars para todos En Arratia Bidaiak, entendemos que cada grupo es \u00fanico y cada trayecto requiere una soluci\u00f3n a medida. Por ello, contamos con una flota moderna y polivalente que se adapta a todas tus necesidades: desde \u00e1giles minibuses perfectos para traslados privados o eventos exclusivos, hasta autocares de gran capacidad equipados con el [&hellip;]\" \/>\n<meta property=\"og:url\" content=\"https:\/\/buseslarrea.es\/eu\/servicio\/\" \/>\n<meta property=\"og:site_name\" content=\"Arratia Bidaiak\" \/>\n<meta property=\"article:modified_time\" content=\"2026-04-20T08:46:45+00:00\" \/>\n<meta property=\"og:image\" content=\"https:\/\/buseslarrea.es\/wp-content\/uploads\/2026\/04\/WhatsApp-Image-2026-04-18-at-16.20.15.jpeg\" \/>\n<meta name=\"twitter:card\" content=\"summary_large_image\" \/>\n<meta name=\"twitter:label1\" content=\"Est. reading time\" \/>\n\t<meta name=\"twitter:data1\" content=\"1 minutua\" \/>\n<script type=\"application\/ld+json\" class=\"yoast-schema-graph\">{\"@context\":\"https:\\\/\\\/schema.org\",\"@graph\":[{\"@type\":\"WebPage\",\"@id\":\"https:\\\/\\\/buseslarrea.es\\\/servicio\\\/\",\"url\":\"https:\\\/\\\/buseslarrea.es\\\/servicio\\\/\",\"name\":\"Servicio - Arratia Bidaiak\",\"isPartOf\":{\"@id\":\"https:\\\/\\\/buseslarrea.es\\\/#website\"},\"primaryImageOfPage\":{\"@id\":\"https:\\\/\\\/buseslarrea.es\\\/servicio\\\/#primaryimage\"},\"image\":{\"@id\":\"https:\\\/\\\/buseslarrea.es\\\/servicio\\\/#primaryimage\"},\"thumbnailUrl\":\"https:\\\/\\\/buseslarrea.es\\\/wp-content\\\/uploads\\\/2026\\\/04\\\/WhatsApp-Image-2026-04-18-at-16.20.15.jpeg\",\"datePublished\":\"2026-03-27T10:41:03+00:00\",\"dateModified\":\"2026-04-20T08:46:45+00:00\",\"breadcrumb\":{\"@id\":\"https:\\\/\\\/buseslarrea.es\\\/servicio\\\/#breadcrumb\"},\"inLanguage\":\"eu\",\"potentialAction\":[{\"@type\":\"ReadAction\",\"target\":[\"https:\\\/\\\/buseslarrea.es\\\/servicio\\\/\"]}]},{\"@type\":\"ImageObject\",\"inLanguage\":\"eu\",\"@id\":\"https:\\\/\\\/buseslarrea.es\\\/servicio\\\/#primaryimage\",\"url\":\"https:\\\/\\\/buseslarrea.es\\\/wp-content\\\/uploads\\\/2026\\\/04\\\/WhatsApp-Image-2026-04-18-at-16.20.15.jpeg\",\"contentUrl\":\"https:\\\/\\\/buseslarrea.es\\\/wp-content\\\/uploads\\\/2026\\\/04\\\/WhatsApp-Image-2026-04-18-at-16.20.15.jpeg\"},{\"@type\":\"BreadcrumbList\",\"@id\":\"https:\\\/\\\/buseslarrea.es\\\/servicio\\\/#breadcrumb\",\"itemListElement\":[{\"@type\":\"ListItem\",\"position\":1,\"name\":\"Portada\",\"item\":\"https:\\\/\\\/buseslarrea.es\\\/\"},{\"@type\":\"ListItem\",\"position\":2,\"name\":\"Servicio\"}]},{\"@type\":\"WebSite\",\"@id\":\"https:\\\/\\\/buseslarrea.es\\\/#website\",\"url\":\"https:\\\/\\\/buseslarrea.es\\\/\",\"name\":\"Arratia Bidaiak\",\"description\":\"Trasportes de viajeros\",\"publisher\":{\"@id\":\"https:\\\/\\\/buseslarrea.es\\\/#organization\"},\"potentialAction\":[{\"@type\":\"SearchAction\",\"target\":{\"@type\":\"EntryPoint\",\"urlTemplate\":\"https:\\\/\\\/buseslarrea.es\\\/?s={search_term_string}\"},\"query-input\":{\"@type\":\"PropertyValueSpecification\",\"valueRequired\":true,\"valueName\":\"search_term_string\"}}],\"inLanguage\":\"eu\"},{\"@type\":\"Organization\",\"@id\":\"https:\\\/\\\/buseslarrea.es\\\/#organization\",\"name\":\"Arratia Bidaiak\",\"url\":\"https:\\\/\\\/buseslarrea.es\\\/\",\"logo\":{\"@type\":\"ImageObject\",\"inLanguage\":\"eu\",\"@id\":\"https:\\\/\\\/buseslarrea.es\\\/#\\\/schema\\\/logo\\\/image\\\/\",\"url\":\"https:\\\/\\\/buseslarrea.es\\\/wp-content\\\/uploads\\\/2026\\\/03\\\/cropped-arratiabidaiaksl202603_logo_web-scaled-1.png\",\"contentUrl\":\"https:\\\/\\\/buseslarrea.es\\\/wp-content\\\/uploads\\\/2026\\\/03\\\/cropped-arratiabidaiaksl202603_logo_web-scaled-1.png\",\"width\":2559,\"height\":1216,\"caption\":\"Arratia Bidaiak\"},\"image\":{\"@id\":\"https:\\\/\\\/buseslarrea.es\\\/#\\\/schema\\\/logo\\\/image\\\/\"}}]}<\/script>\n<!-- \/ Yoast SEO plugin. -->","yoast_head_json":{"title":"Servicio - Arratia Bidaiak","robots":{"index":"index","follow":"follow","max-snippet":"max-snippet:-1","max-image-preview":"max-image-preview:large","max-video-preview":"max-video-preview:-1"},"canonical":"https:\/\/buseslarrea.es\/eu\/servicio\/","og_locale":"en_US","og_type":"article","og_title":"Servicio - Arratia Bidaiak","og_description":"Servicios Autocars para todos En Arratia Bidaiak, entendemos que cada grupo es \u00fanico y cada trayecto requiere una soluci\u00f3n a medida. Por ello, contamos con una flota moderna y polivalente que se adapta a todas tus necesidades: desde \u00e1giles minibuses perfectos para traslados privados o eventos exclusivos, hasta autocares de gran capacidad equipados con el [&hellip;]","og_url":"https:\/\/buseslarrea.es\/eu\/servicio\/","og_site_name":"Arratia Bidaiak","article_modified_time":"2026-04-20T08:46:45+00:00","og_image":[{"url":"https:\/\/buseslarrea.es\/wp-content\/uploads\/2026\/04\/WhatsApp-Image-2026-04-18-at-16.20.15.jpeg","type":"","width":"","height":""}],"twitter_card":"summary_large_image","twitter_misc":{"Est. reading time":"1 minutua"},"schema":{"@context":"https:\/\/schema.org","@graph":[{"@type":"WebPage","@id":"https:\/\/buseslarrea.es\/servicio\/","url":"https:\/\/buseslarrea.es\/servicio\/","name":"Servicio - Arratia Bidaiak","isPartOf":{"@id":"https:\/\/buseslarrea.es\/#website"},"primaryImageOfPage":{"@id":"https:\/\/buseslarrea.es\/servicio\/#primaryimage"},"image":{"@id":"https:\/\/buseslarrea.es\/servicio\/#primaryimage"},"thumbnailUrl":"https:\/\/buseslarrea.es\/wp-content\/uploads\/2026\/04\/WhatsApp-Image-2026-04-18-at-16.20.15.jpeg","datePublished":"2026-03-27T10:41:03+00:00","dateModified":"2026-04-20T08:46:45+00:00","breadcrumb":{"@id":"https:\/\/buseslarrea.es\/servicio\/#breadcrumb"},"inLanguage":"eu","potentialAction":[{"@type":"ReadAction","target":["https:\/\/buseslarrea.es\/servicio\/"]}]},{"@type":"ImageObject","inLanguage":"eu","@id":"https:\/\/buseslarrea.es\/servicio\/#primaryimage","url":"https:\/\/buseslarrea.es\/wp-content\/uploads\/2026\/04\/WhatsApp-Image-2026-04-18-at-16.20.15.jpeg","contentUrl":"https:\/\/buseslarrea.es\/wp-content\/uploads\/2026\/04\/WhatsApp-Image-2026-04-18-at-16.20.15.jpeg"},{"@type":"BreadcrumbList","@id":"https:\/\/buseslarrea.es\/servicio\/#breadcrumb","itemListElement":[{"@type":"ListItem","position":1,"name":"Portada","item":"https:\/\/buseslarrea.es\/"},{"@type":"ListItem","position":2,"name":"Servicio"}]},{"@type":"WebSite","@id":"https:\/\/buseslarrea.es\/#website","url":"https:\/\/buseslarrea.es\/","name":"Arratia Bidaiak","description":"Trasportes de viajeros","publisher":{"@id":"https:\/\/buseslarrea.es\/#organization"},"potentialAction":[{"@type":"SearchAction","target":{"@type":"EntryPoint","urlTemplate":"https:\/\/buseslarrea.es\/?s={search_term_string}"},"query-input":{"@type":"PropertyValueSpecification","valueRequired":true,"valueName":"search_term_string"}}],"inLanguage":"eu"},{"@type":"Organization","@id":"https:\/\/buseslarrea.es\/#organization","name":"Arratia Bidaiak","url":"https:\/\/buseslarrea.es\/","logo":{"@type":"ImageObject","inLanguage":"eu","@id":"https:\/\/buseslarrea.es\/#\/schema\/logo\/image\/","url":"https:\/\/buseslarrea.es\/wp-content\/uploads\/2026\/03\/cropped-arratiabidaiaksl202603_logo_web-scaled-1.png","contentUrl":"https:\/\/buseslarrea.es\/wp-content\/uploads\/2026\/03\/cropped-arratiabidaiaksl202603_logo_web-scaled-1.png","width":2559,"height":1216,"caption":"Arratia Bidaiak"},"image":{"@id":"https:\/\/buseslarrea.es\/#\/schema\/logo\/image\/"}}]}},"_links":{"self":[{"href":"https:\/\/buseslarrea.es\/eu\/wp-json\/wp\/v2\/pages\/17","targetHints":{"allow":["GET"]}}],"collection":[{"href":"https:\/\/buseslarrea.es\/eu\/wp-json\/wp\/v2\/pages"}],"about":[{"href":"https:\/\/buseslarrea.es\/eu\/wp-json\/wp\/v2\/types\/page"}],"author":[{"embeddable":true,"href":"https:\/\/buseslarrea.es\/eu\/wp-json\/wp\/v2\/users\/1"}],"replies":[{"embeddable":true,"href":"https:\/\/buseslarrea.es\/eu\/wp-json\/wp\/v2\/comments?post=17"}],"version-history":[{"count":82,"href":"https:\/\/buseslarrea.es\/eu\/wp-json\/wp\/v2\/pages\/17\/revisions"}],"predecessor-version":[{"id":389,"href":"https:\/\/buseslarrea.es\/eu\/wp-json\/wp\/v2\/pages\/17\/revisions\/389"}],"wp:attachment":[{"href":"https:\/\/buseslarrea.es\/eu\/wp-json\/wp\/v2\/media?parent=17"}],"curies":[{"name":"wp","href":"https:\/\/api.w.org\/{rel}","templated":true}]}}